{"id":1812,"date":"2019-03-12T10:39:39","date_gmt":"2019-03-12T09:39:39","guid":{"rendered":"http:\/\/tech.atlanticgroup.it\/company-profile\/"},"modified":"2025-02-05T15:06:51","modified_gmt":"2025-02-05T14:06:51","slug":"company-profile","status":"publish","type":"page","link":"https:\/\/tech.atlanticgroup.it\/es\/company-profile\/","title":{"rendered":"Perfil de la empresa"},"content":{"rendered":"<div class=\"wpb-content-wrapper\"><p>[vc_row][vc_column width=\u00bb1\/2&#8243;][vc_single_image image=\u00bb1813&#8243; img_size=\u00bbfull\u00bb][\/vc_column][vc_column width=\u00bb1\/2&#8243;][vc_column_text css=\u00bb\u00bb]Atlantic Man. ha estado operando en tres \u00e1reas estrat\u00e9gicas durante m\u00e1s de 25 a\u00f1os, tanto en Italia como en el extranjero:<\/p>\n<ul>\n<li><strong>Collares y abrazaderas<\/strong>: Sistemas de sujeci\u00f3n en general.<\/li>\n<li><strong>Instalaciones, maquinaria y sistemas automatizados<\/strong>: Para viveros de peque\u00f1as plantas.<\/li>\n<li><strong>Mangueras de PVC y caucho<\/strong>.<\/li>\n<\/ul>\n<p>Exportamos a todos los continentes y en varios de ellos tenemos redes de distribuci\u00f3n consolidadas.<\/p>\n<p>En nuestra unidad central de <strong>Castelnovo Sotto, en Reggio Emilia<\/strong>, adem\u00e1s de las funciones de control general, comercial y administrativo, se concentran las actividades de desarrollo, dise\u00f1o e ingenier\u00eda, as\u00ed como la producci\u00f3n de <strong>collares de sujeci\u00f3n y m\u00e1quinas autom\u00e1ticas y equipos<\/strong> para invernaderos y viveros.<\/p>\n<p>En las otras unidades productivas externas se fabrican las <strong>mangueras flexibles<\/strong>.[\/vc_column_text][\/vc_column][\/vc_row][vc_row][vc_column width=\u00bb1\/2&#8243;][vc_column_text]La <strong>investigaci\u00f3n y desarrollo<\/strong> son objetivos estrat\u00e9gicos primarios para mejorar la calidad y la competitividad de todos nuestros productos; tambi\u00e9n contamos con numerosas <strong>patentes<\/strong> registradas y reconocidas internacionalmente.<\/p>\n<p>Con un fuerte enfoque en el desarrollo industrial, especialmente en la \u00faltima d\u00e9cada, que ha involucrado a los sistemas de producci\u00f3n en todo el mundo, siempre hemos estado decididos a mantener nuestra producci\u00f3n en Italia para garantizar que nuestros productos lleven la marca y la calidad <strong>MADE IN ITALY<\/strong>.[\/vc_column_text][\/vc_column][vc_column width=\u00bb1\/2&#8243;][vc_single_image image=\u00bb1816&#8243; img_size=\u00bbfull\u00bb][\/vc_column][\/vc_row][vc_row][vc_column][vc_separator border_width=\u00bb2&#8243;][vc_column_text]<strong>Gama de productos de Atlantic Man. Grupo de fabricantes:<\/strong><\/p>\n<p><strong><a href=\"https:\/\/clamps.atlanticgroup.it\/es\" target=\"_blank\" rel=\"noopener\">Collares y abrazaderas<\/a><br \/>\n<\/strong>Abrazaderas de alta resistencia para aplicaciones profesionales en agricultura, industria, motores e industrias navales. Para completar la gama de producci\u00f3n, tambi\u00e9n ofrecemos las \u00abSmall Clamps\u00bb con tornillo sin fin para aplicaciones \u00abligeras\u00bb y jardiner\u00eda.<\/p>\n<p><strong>Mangueras flexibles de PVC y caucho<br \/>\n<\/strong>Mangueras flexibles para succi\u00f3n y flujo, para grandes distribuidores, agricultura e industria.<\/p>\n<p><strong>Maquinaria y equipos \u2013 Tecnolog\u00eda para invernaderos<br \/>\n<\/strong>Automatizaciones de todo tipo para peque\u00f1os viveros en el \u00e1rea de viveros de hortalizas y flores; invernaderos para cultivo y producci\u00f3n. Con el conjunto de empresas y profesionales involucrados y representados, somos capaces de ofrecer la <strong>tecnolog\u00eda<\/strong> y el <strong>know-how<\/strong> indispensables necesarios para realizar equipos extremadamente funcionales y productivos, necesarios para el desarrollo de invernaderos modernos, gestionados por los recursos humanos del lugar, adecuadamente capacitados y asistidos mec\u00e1nicamente.[\/vc_column_text][\/vc_column][\/vc_row]<\/p>\n<\/div>","protected":false},"excerpt":{"rendered":"<p>[vc_row][vc_column width=\u00bb1\/2&#8243;][vc_single_image image=\u00bb1813&#8243; img_size=\u00bbfull\u00bb][\/vc_column][vc_column width=\u00bb1\/2&#8243;][vc_column_text css=\u00bb\u00bb]Atlantic Man. ha estado operando en tres \u00e1reas estrat\u00e9gicas durante m\u00e1s de 25 a\u00f1os, tanto en Italia como en el extranjero:<span class=\"excerpt-hellip\"> [\u2026]<\/span><\/p>\n","protected":false},"author":1,"featured_media":0,"parent":0,"menu_order":0,"comment_status":"closed","ping_status":"closed","template":"","meta":{"footnotes":""},"class_list":["post-1812","page","type-page","status-publish","hentry"],"yoast_head":"<!-- This site is optimized with the Yoast SEO plugin v27.0 - https:\/\/yoast.com\/product\/yoast-seo-wordpress\/ -->\n<title>Perfil de la empresa - Tecnolog\u00edas de vivero | Atlantic Group<\/title>\n<meta name=\"robots\" content=\"index, follow, max-snippet:-1, max-image-preview:large, max-video-preview:-1\" \/>\n<link rel=\"canonical\" href=\"https:\/\/tech.atlanticgroup.it\/es\/company-profile\/\" \/>\n<meta property=\"og:locale\" content=\"es_ES\" \/>\n<meta property=\"og:type\" content=\"article\" \/>\n<meta property=\"og:title\" content=\"Perfil de la empresa - Tecnolog\u00edas de vivero | Atlantic Group\" \/>\n<meta property=\"og:description\" content=\"[vc_row][vc_column width=\u00bb1\/2&#8243;][vc_single_image image=\u00bb1813&#8243; img_size=\u00bbfull\u00bb][\/vc_column][vc_column width=\u00bb1\/2&#8243;][vc_column_text css=\u00bb\u00bb]Atlantic Man. ha estado operando en tres \u00e1reas estrat\u00e9gicas durante m\u00e1s de 25 a\u00f1os, tanto en Italia como en el extranjero: [\u2026]\" \/>\n<meta property=\"og:url\" content=\"https:\/\/tech.atlanticgroup.it\/es\/company-profile\/\" \/>\n<meta property=\"og:site_name\" content=\"Tecnolog\u00edas de vivero | Atlantic Group\" \/>\n<meta property=\"article:publisher\" content=\"https:\/\/www.facebook.com\/AtlanticManSrl\" \/>\n<meta property=\"article:modified_time\" content=\"2025-02-05T14:06:51+00:00\" \/>\n<meta name=\"twitter:card\" content=\"summary_large_image\" \/>\n<meta name=\"twitter:label1\" content=\"Tiempo de lectura\" \/>\n\t<meta name=\"twitter:data1\" content=\"2 minutos\" \/>\n<script type=\"application\/ld+json\" class=\"yoast-schema-graph\">{\"@context\":\"https:\/\/schema.org\",\"@graph\":[{\"@type\":\"WebPage\",\"@id\":\"https:\/\/tech.atlanticgroup.it\/es\/company-profile\/\",\"url\":\"https:\/\/tech.atlanticgroup.it\/es\/company-profile\/\",\"name\":\"Perfil de la empresa - Tecnolog\u00edas de vivero | Atlantic Group\",\"isPartOf\":{\"@id\":\"https:\/\/tech.atlanticgroup.it\/#website\"},\"datePublished\":\"2019-03-12T09:39:39+00:00\",\"dateModified\":\"2025-02-05T14:06:51+00:00\",\"breadcrumb\":{\"@id\":\"https:\/\/tech.atlanticgroup.it\/es\/company-profile\/#breadcrumb\"},\"inLanguage\":\"es\",\"potentialAction\":[{\"@type\":\"ReadAction\",\"target\":[\"https:\/\/tech.atlanticgroup.it\/es\/company-profile\/\"]}]},{\"@type\":\"BreadcrumbList\",\"@id\":\"https:\/\/tech.atlanticgroup.it\/es\/company-profile\/#breadcrumb\",\"itemListElement\":[{\"@type\":\"ListItem\",\"position\":1,\"name\":\"Home\",\"item\":\"https:\/\/tech.atlanticgroup.it\/es\/\"},{\"@type\":\"ListItem\",\"position\":2,\"name\":\"Perfil de la empresa\"}]},{\"@type\":\"WebSite\",\"@id\":\"https:\/\/tech.atlanticgroup.it\/#website\",\"url\":\"https:\/\/tech.atlanticgroup.it\/\",\"name\":\"Tecnolog\u00edas de vivero | Atlantic Group\",\"description\":\"\",\"publisher\":{\"@id\":\"https:\/\/tech.atlanticgroup.it\/#organization\"},\"potentialAction\":[{\"@type\":\"SearchAction\",\"target\":{\"@type\":\"EntryPoint\",\"urlTemplate\":\"https:\/\/tech.atlanticgroup.it\/?s={search_term_string}\"},\"query-input\":{\"@type\":\"PropertyValueSpecification\",\"valueRequired\":true,\"valueName\":\"search_term_string\"}}],\"inLanguage\":\"es\"},{\"@type\":\"Organization\",\"@id\":\"https:\/\/tech.atlanticgroup.it\/#organization\",\"name\":\"Tecnolog\u00edas de vivero | Atlantic Group\",\"url\":\"https:\/\/tech.atlanticgroup.it\/\",\"logo\":{\"@type\":\"ImageObject\",\"inLanguage\":\"es\",\"@id\":\"https:\/\/tech.atlanticgroup.it\/#\/schema\/logo\/image\/\",\"url\":\"https:\/\/tech.atlanticgroup.it\/wp-content\/uploads\/2019\/11\/atlantic-man-700x132-dark.png\",\"contentUrl\":\"https:\/\/tech.atlanticgroup.it\/wp-content\/uploads\/2019\/11\/atlantic-man-700x132-dark.png\",\"width\":700,\"height\":132,\"caption\":\"Tecnolog\u00edas de vivero | Atlantic Group\"},\"image\":{\"@id\":\"https:\/\/tech.atlanticgroup.it\/#\/schema\/logo\/image\/\"},\"sameAs\":[\"https:\/\/www.facebook.com\/AtlanticManSrl\",\"https:\/\/www.linkedin.com\/company\/atlantic-man-s.r.l.\/\"]}]}<\/script>\n<!-- \/ Yoast SEO plugin. -->","yoast_head_json":{"title":"Perfil de la empresa - Tecnolog\u00edas de vivero | Atlantic Group","robots":{"index":"index","follow":"follow","max-snippet":"max-snippet:-1","max-image-preview":"max-image-preview:large","max-video-preview":"max-video-preview:-1"},"canonical":"https:\/\/tech.atlanticgroup.it\/es\/company-profile\/","og_locale":"es_ES","og_type":"article","og_title":"Perfil de la empresa - Tecnolog\u00edas de vivero | Atlantic Group","og_description":"[vc_row][vc_column width=\u00bb1\/2&#8243;][vc_single_image image=\u00bb1813&#8243; img_size=\u00bbfull\u00bb][\/vc_column][vc_column width=\u00bb1\/2&#8243;][vc_column_text css=\u00bb\u00bb]Atlantic Man. ha estado operando en tres \u00e1reas estrat\u00e9gicas durante m\u00e1s de 25 a\u00f1os, tanto en Italia como en el extranjero: [\u2026]","og_url":"https:\/\/tech.atlanticgroup.it\/es\/company-profile\/","og_site_name":"Tecnolog\u00edas de vivero | Atlantic Group","article_publisher":"https:\/\/www.facebook.com\/AtlanticManSrl","article_modified_time":"2025-02-05T14:06:51+00:00","twitter_card":"summary_large_image","twitter_misc":{"Tiempo de lectura":"2 minutos"},"schema":{"@context":"https:\/\/schema.org","@graph":[{"@type":"WebPage","@id":"https:\/\/tech.atlanticgroup.it\/es\/company-profile\/","url":"https:\/\/tech.atlanticgroup.it\/es\/company-profile\/","name":"Perfil de la empresa - Tecnolog\u00edas de vivero | Atlantic Group","isPartOf":{"@id":"https:\/\/tech.atlanticgroup.it\/#website"},"datePublished":"2019-03-12T09:39:39+00:00","dateModified":"2025-02-05T14:06:51+00:00","breadcrumb":{"@id":"https:\/\/tech.atlanticgroup.it\/es\/company-profile\/#breadcrumb"},"inLanguage":"es","potentialAction":[{"@type":"ReadAction","target":["https:\/\/tech.atlanticgroup.it\/es\/company-profile\/"]}]},{"@type":"BreadcrumbList","@id":"https:\/\/tech.atlanticgroup.it\/es\/company-profile\/#breadcrumb","itemListElement":[{"@type":"ListItem","position":1,"name":"Home","item":"https:\/\/tech.atlanticgroup.it\/es\/"},{"@type":"ListItem","position":2,"name":"Perfil de la empresa"}]},{"@type":"WebSite","@id":"https:\/\/tech.atlanticgroup.it\/#website","url":"https:\/\/tech.atlanticgroup.it\/","name":"Tecnolog\u00edas de vivero | Atlantic Group","description":"","publisher":{"@id":"https:\/\/tech.atlanticgroup.it\/#organization"},"potentialAction":[{"@type":"SearchAction","target":{"@type":"EntryPoint","urlTemplate":"https:\/\/tech.atlanticgroup.it\/?s={search_term_string}"},"query-input":{"@type":"PropertyValueSpecification","valueRequired":true,"valueName":"search_term_string"}}],"inLanguage":"es"},{"@type":"Organization","@id":"https:\/\/tech.atlanticgroup.it\/#organization","name":"Tecnolog\u00edas de vivero | Atlantic Group","url":"https:\/\/tech.atlanticgroup.it\/","logo":{"@type":"ImageObject","inLanguage":"es","@id":"https:\/\/tech.atlanticgroup.it\/#\/schema\/logo\/image\/","url":"https:\/\/tech.atlanticgroup.it\/wp-content\/uploads\/2019\/11\/atlantic-man-700x132-dark.png","contentUrl":"https:\/\/tech.atlanticgroup.it\/wp-content\/uploads\/2019\/11\/atlantic-man-700x132-dark.png","width":700,"height":132,"caption":"Tecnolog\u00edas de vivero | Atlantic Group"},"image":{"@id":"https:\/\/tech.atlanticgroup.it\/#\/schema\/logo\/image\/"},"sameAs":["https:\/\/www.facebook.com\/AtlanticManSrl","https:\/\/www.linkedin.com\/company\/atlantic-man-s.r.l.\/"]}]}},"_links":{"self":[{"href":"https:\/\/tech.atlanticgroup.it\/es\/wp-json\/wp\/v2\/pages\/1812","targetHints":{"allow":["GET"]}}],"collection":[{"href":"https:\/\/tech.atlanticgroup.it\/es\/wp-json\/wp\/v2\/pages"}],"about":[{"href":"https:\/\/tech.atlanticgroup.it\/es\/wp-json\/wp\/v2\/types\/page"}],"author":[{"embeddable":true,"href":"https:\/\/tech.atlanticgroup.it\/es\/wp-json\/wp\/v2\/users\/1"}],"replies":[{"embeddable":true,"href":"https:\/\/tech.atlanticgroup.it\/es\/wp-json\/wp\/v2\/comments?post=1812"}],"version-history":[{"count":16,"href":"https:\/\/tech.atlanticgroup.it\/es\/wp-json\/wp\/v2\/pages\/1812\/revisions"}],"predecessor-version":[{"id":3305,"href":"https:\/\/tech.atlanticgroup.it\/es\/wp-json\/wp\/v2\/pages\/1812\/revisions\/3305"}],"wp:attachment":[{"href":"https:\/\/tech.atlanticgroup.it\/es\/wp-json\/wp\/v2\/media?parent=1812"}],"curies":[{"name":"wp","href":"https:\/\/api.w.org\/{rel}","templated":true}]}}