{"id":1351,"date":"2019-03-12T10:39:39","date_gmt":"2019-03-12T09:39:39","guid":{"rendered":"http:\/\/tech.atlanticgroup.it\/company-profile\/"},"modified":"2025-02-05T15:06:04","modified_gmt":"2025-02-05T14:06:04","slug":"company-profile","status":"publish","type":"page","link":"https:\/\/tech.atlanticgroup.it\/fr\/company-profile\/","title":{"rendered":"Profil de la soci\u00e9t\u00e9"},"content":{"rendered":"<div class=\"wpb-content-wrapper\"><p>[vc_row][vc_column width=\u00a0\u00bb1\/2&Prime;][vc_single_image image=\u00a0\u00bb255&Prime; img_size=\u00a0\u00bbfull\u00a0\u00bb][\/vc_column][vc_column width=\u00a0\u00bb1\/2&Prime;][vc_column_text css=\u00a0\u00bb\u00a0\u00bb]Depuis trente ans, Atlantic Man travail dans trois strat\u00e9giques domaines en Italie et \u00e0 l\u2019\u00e9tranger:<\/p>\n<ul>\n<li>COLLIERS ET AUTRES SOLUTIONS DE SERRAGE<\/li>\n<li>MACHINES ET SYSTEME AUTOMATISES pour p\u00e9pini\u00e8res.<\/li>\n<li>TUYAUX EN PVC ET EN CAOUTCHOUC.<\/li>\n<\/ul>\n<p>Nous vendons nos produits dans tous les continents directement ou par le biais de coentreprises. Notre usine principale est situ\u00e9e \u00e0 Castelnovo di Sotto (RE), o\u00f9 toutes les activit\u00e9s d\u2019ing\u00e9nierie, commerciales et comptables sont exerc\u00e9es. L\u00e0, nous recherchons, projetons et d\u00e9veloppons nos syst\u00e8mes automatis\u00e9s et nos machines pour p\u00e9pini\u00e8res et pour les serres et nous produisons nos colliers \u00e0 tourillons.<br \/>\nLes tuyaux en PVC et en caoutchouc sont produits dans des autres usines ext\u00e9rieures.[\/vc_column_text][\/vc_column][\/vc_row][vc_row][vc_column width=\u00a0\u00bb1\/2&Prime;][vc_column_text]Nous donnons tr\u00e8s importance aux notre\u00a0<strong>R&amp;D<\/strong>\u00a0activit\u00e9s, qui nous permettent d\u2019\u00eatre toujours au courant des derni\u00e8res d\u00e9veloppement technologiques. Nous d\u00e9tenons de nombreux <strong>brevets enregistr\u00e9s<\/strong> au niveau international et qui constituent une preuve de notre marque et de notre qualit\u00e9 <strong>MADE IN ITALY.<\/strong>[\/vc_column_text][\/vc_column][vc_column width=\u00a0\u00bb1\/2&Prime;][vc_single_image image=\u00a0\u00bb275&Prime; img_size=\u00a0\u00bbfull\u00a0\u00bb][\/vc_column][\/vc_row][vc_row][vc_column][vc_separator border_width=\u00a0\u00bb2&Prime;][vc_column_text]<strong>LA GAMME DE PRODUITS DE ATLANTIC MAN. GROUP OF MANUFACTURERS:<\/strong><\/p>\n<p><strong><a href=\"https:\/\/clamps.atlanticgroup.it\/fr\" target=\"_blank\" rel=\"noopener\">Colliers et autres solutions de serrage<\/a><br \/>\n<\/strong>Colliers \u00e0 tourillons pour applications professionnels lourdes: agriculture, industrie, automotive et maritime industrie.<br \/>\nPour compl\u00e9ter la gamme de production, nous avons \u00e9galement des colliers plus petits avec vis pour les applications plus l\u00e9g\u00e8res et pour le jardinage.<\/p>\n<p><strong>Tuyaux flexibiles en pvc et en caoutchouc<\/strong><br \/>\nTuyaux flexibles pour l\u2019aspiration et l\u2019\u00e9coulement, pour les grands revendeurs, pour l\u2019agriculture et l\u2019industrie<\/p>\n<p><strong>Machines et equipments \u2013 technologie pour serres<\/strong><br \/>\nAutomatisation de toutes sortes pour des petites p\u00e9pini\u00e8res dans le domaine des p\u00e9pini\u00e8res des l\u00e9gumes et des fleurs et pour les serres[\/vc_column_text][\/vc_column][\/vc_row]<\/p>\n<\/div>","protected":false},"excerpt":{"rendered":"<p>[vc_row][vc_column width=\u00a0\u00bb1\/2&Prime;][vc_single_image image=\u00a0\u00bb255&Prime; img_size=\u00a0\u00bbfull\u00a0\u00bb][\/vc_column][vc_column width=\u00a0\u00bb1\/2&Prime;][vc_column_text css=\u00a0\u00bb\u00a0\u00bb]Depuis trente ans, Atlantic Man travail dans trois strat\u00e9giques domaines en Italie et \u00e0 l\u2019\u00e9tranger: COLLIERS ET AUTRES SOLUTIONS DE SERRAGE<span class=\"excerpt-hellip\"> [\u2026]<\/span><\/p>\n","protected":false},"author":1,"featured_media":0,"parent":0,"menu_order":0,"comment_status":"closed","ping_status":"closed","template":"","meta":{"footnotes":""},"class_list":["post-1351","page","type-page","status-publish","hentry"],"yoast_head":"<!-- This site is optimized with the Yoast SEO plugin v27.0 - https:\/\/yoast.com\/product\/yoast-seo-wordpress\/ -->\n<title>Profil de la soci\u00e9t\u00e9 - Technologies des p\u00e9pini\u00e8res | Atlantic Group<\/title>\n<meta name=\"robots\" content=\"index, follow, max-snippet:-1, max-image-preview:large, max-video-preview:-1\" \/>\n<link rel=\"canonical\" href=\"https:\/\/tech.atlanticgroup.it\/fr\/company-profile\/\" \/>\n<meta property=\"og:locale\" content=\"fr_FR\" \/>\n<meta property=\"og:type\" content=\"article\" \/>\n<meta property=\"og:title\" content=\"Profil de la soci\u00e9t\u00e9 - Technologies des p\u00e9pini\u00e8res | Atlantic Group\" \/>\n<meta property=\"og:description\" content=\"[vc_row][vc_column width=\u00a0\u00bb1\/2&Prime;][vc_single_image image=\u00a0\u00bb255&Prime; img_size=\u00a0\u00bbfull\u00a0\u00bb][\/vc_column][vc_column width=\u00a0\u00bb1\/2&Prime;][vc_column_text css=\u00a0\u00bb\u00a0\u00bb]Depuis trente ans, Atlantic Man travail dans trois strat\u00e9giques domaines en Italie et \u00e0 l\u2019\u00e9tranger: COLLIERS ET AUTRES SOLUTIONS DE SERRAGE [\u2026]\" \/>\n<meta property=\"og:url\" content=\"https:\/\/tech.atlanticgroup.it\/fr\/company-profile\/\" \/>\n<meta property=\"og:site_name\" content=\"Technologies des p\u00e9pini\u00e8res | Atlantic Group\" \/>\n<meta property=\"article:publisher\" content=\"https:\/\/www.facebook.com\/AtlanticManSrl\" \/>\n<meta property=\"article:modified_time\" content=\"2025-02-05T14:06:04+00:00\" \/>\n<meta name=\"twitter:card\" content=\"summary_large_image\" \/>\n<meta name=\"twitter:label1\" content=\"Dur\u00e9e de lecture estim\u00e9e\" \/>\n\t<meta name=\"twitter:data1\" content=\"2 minutes\" \/>\n<script type=\"application\/ld+json\" class=\"yoast-schema-graph\">{\"@context\":\"https:\/\/schema.org\",\"@graph\":[{\"@type\":\"WebPage\",\"@id\":\"https:\/\/tech.atlanticgroup.it\/fr\/company-profile\/\",\"url\":\"https:\/\/tech.atlanticgroup.it\/fr\/company-profile\/\",\"name\":\"Profil de la soci\u00e9t\u00e9 - Technologies des p\u00e9pini\u00e8res | Atlantic Group\",\"isPartOf\":{\"@id\":\"https:\/\/tech.atlanticgroup.it\/#website\"},\"datePublished\":\"2019-03-12T09:39:39+00:00\",\"dateModified\":\"2025-02-05T14:06:04+00:00\",\"breadcrumb\":{\"@id\":\"https:\/\/tech.atlanticgroup.it\/fr\/company-profile\/#breadcrumb\"},\"inLanguage\":\"fr-FR\",\"potentialAction\":[{\"@type\":\"ReadAction\",\"target\":[\"https:\/\/tech.atlanticgroup.it\/fr\/company-profile\/\"]}]},{\"@type\":\"BreadcrumbList\",\"@id\":\"https:\/\/tech.atlanticgroup.it\/fr\/company-profile\/#breadcrumb\",\"itemListElement\":[{\"@type\":\"ListItem\",\"position\":1,\"name\":\"Home\",\"item\":\"https:\/\/tech.atlanticgroup.it\/fr\/\"},{\"@type\":\"ListItem\",\"position\":2,\"name\":\"Profil de la soci\u00e9t\u00e9\"}]},{\"@type\":\"WebSite\",\"@id\":\"https:\/\/tech.atlanticgroup.it\/#website\",\"url\":\"https:\/\/tech.atlanticgroup.it\/\",\"name\":\"Technologies des p\u00e9pini\u00e8res | Atlantic Group\",\"description\":\"\",\"publisher\":{\"@id\":\"https:\/\/tech.atlanticgroup.it\/#organization\"},\"potentialAction\":[{\"@type\":\"SearchAction\",\"target\":{\"@type\":\"EntryPoint\",\"urlTemplate\":\"https:\/\/tech.atlanticgroup.it\/?s={search_term_string}\"},\"query-input\":{\"@type\":\"PropertyValueSpecification\",\"valueRequired\":true,\"valueName\":\"search_term_string\"}}],\"inLanguage\":\"fr-FR\"},{\"@type\":\"Organization\",\"@id\":\"https:\/\/tech.atlanticgroup.it\/#organization\",\"name\":\"Technologies des p\u00e9pini\u00e8res | Atlantic Group\",\"url\":\"https:\/\/tech.atlanticgroup.it\/\",\"logo\":{\"@type\":\"ImageObject\",\"inLanguage\":\"fr-FR\",\"@id\":\"https:\/\/tech.atlanticgroup.it\/#\/schema\/logo\/image\/\",\"url\":\"https:\/\/tech.atlanticgroup.it\/wp-content\/uploads\/2019\/11\/atlantic-man-700x132-dark.png\",\"contentUrl\":\"https:\/\/tech.atlanticgroup.it\/wp-content\/uploads\/2019\/11\/atlantic-man-700x132-dark.png\",\"width\":700,\"height\":132,\"caption\":\"Technologies des p\u00e9pini\u00e8res | Atlantic Group\"},\"image\":{\"@id\":\"https:\/\/tech.atlanticgroup.it\/#\/schema\/logo\/image\/\"},\"sameAs\":[\"https:\/\/www.facebook.com\/AtlanticManSrl\",\"https:\/\/www.linkedin.com\/company\/atlantic-man-s.r.l.\/\"]}]}<\/script>\n<!-- \/ Yoast SEO plugin. -->","yoast_head_json":{"title":"Profil de la soci\u00e9t\u00e9 - Technologies des p\u00e9pini\u00e8res | Atlantic Group","robots":{"index":"index","follow":"follow","max-snippet":"max-snippet:-1","max-image-preview":"max-image-preview:large","max-video-preview":"max-video-preview:-1"},"canonical":"https:\/\/tech.atlanticgroup.it\/fr\/company-profile\/","og_locale":"fr_FR","og_type":"article","og_title":"Profil de la soci\u00e9t\u00e9 - Technologies des p\u00e9pini\u00e8res | Atlantic Group","og_description":"[vc_row][vc_column width=\u00a0\u00bb1\/2&Prime;][vc_single_image image=\u00a0\u00bb255&Prime; img_size=\u00a0\u00bbfull\u00a0\u00bb][\/vc_column][vc_column width=\u00a0\u00bb1\/2&Prime;][vc_column_text css=\u00a0\u00bb\u00a0\u00bb]Depuis trente ans, Atlantic Man travail dans trois strat\u00e9giques domaines en Italie et \u00e0 l\u2019\u00e9tranger: COLLIERS ET AUTRES SOLUTIONS DE SERRAGE [\u2026]","og_url":"https:\/\/tech.atlanticgroup.it\/fr\/company-profile\/","og_site_name":"Technologies des p\u00e9pini\u00e8res | Atlantic Group","article_publisher":"https:\/\/www.facebook.com\/AtlanticManSrl","article_modified_time":"2025-02-05T14:06:04+00:00","twitter_card":"summary_large_image","twitter_misc":{"Dur\u00e9e de lecture estim\u00e9e":"2 minutes"},"schema":{"@context":"https:\/\/schema.org","@graph":[{"@type":"WebPage","@id":"https:\/\/tech.atlanticgroup.it\/fr\/company-profile\/","url":"https:\/\/tech.atlanticgroup.it\/fr\/company-profile\/","name":"Profil de la soci\u00e9t\u00e9 - Technologies des p\u00e9pini\u00e8res | Atlantic Group","isPartOf":{"@id":"https:\/\/tech.atlanticgroup.it\/#website"},"datePublished":"2019-03-12T09:39:39+00:00","dateModified":"2025-02-05T14:06:04+00:00","breadcrumb":{"@id":"https:\/\/tech.atlanticgroup.it\/fr\/company-profile\/#breadcrumb"},"inLanguage":"fr-FR","potentialAction":[{"@type":"ReadAction","target":["https:\/\/tech.atlanticgroup.it\/fr\/company-profile\/"]}]},{"@type":"BreadcrumbList","@id":"https:\/\/tech.atlanticgroup.it\/fr\/company-profile\/#breadcrumb","itemListElement":[{"@type":"ListItem","position":1,"name":"Home","item":"https:\/\/tech.atlanticgroup.it\/fr\/"},{"@type":"ListItem","position":2,"name":"Profil de la soci\u00e9t\u00e9"}]},{"@type":"WebSite","@id":"https:\/\/tech.atlanticgroup.it\/#website","url":"https:\/\/tech.atlanticgroup.it\/","name":"Technologies des p\u00e9pini\u00e8res | Atlantic Group","description":"","publisher":{"@id":"https:\/\/tech.atlanticgroup.it\/#organization"},"potentialAction":[{"@type":"SearchAction","target":{"@type":"EntryPoint","urlTemplate":"https:\/\/tech.atlanticgroup.it\/?s={search_term_string}"},"query-input":{"@type":"PropertyValueSpecification","valueRequired":true,"valueName":"search_term_string"}}],"inLanguage":"fr-FR"},{"@type":"Organization","@id":"https:\/\/tech.atlanticgroup.it\/#organization","name":"Technologies des p\u00e9pini\u00e8res | Atlantic Group","url":"https:\/\/tech.atlanticgroup.it\/","logo":{"@type":"ImageObject","inLanguage":"fr-FR","@id":"https:\/\/tech.atlanticgroup.it\/#\/schema\/logo\/image\/","url":"https:\/\/tech.atlanticgroup.it\/wp-content\/uploads\/2019\/11\/atlantic-man-700x132-dark.png","contentUrl":"https:\/\/tech.atlanticgroup.it\/wp-content\/uploads\/2019\/11\/atlantic-man-700x132-dark.png","width":700,"height":132,"caption":"Technologies des p\u00e9pini\u00e8res | Atlantic Group"},"image":{"@id":"https:\/\/tech.atlanticgroup.it\/#\/schema\/logo\/image\/"},"sameAs":["https:\/\/www.facebook.com\/AtlanticManSrl","https:\/\/www.linkedin.com\/company\/atlantic-man-s.r.l.\/"]}]}},"_links":{"self":[{"href":"https:\/\/tech.atlanticgroup.it\/fr\/wp-json\/wp\/v2\/pages\/1351","targetHints":{"allow":["GET"]}}],"collection":[{"href":"https:\/\/tech.atlanticgroup.it\/fr\/wp-json\/wp\/v2\/pages"}],"about":[{"href":"https:\/\/tech.atlanticgroup.it\/fr\/wp-json\/wp\/v2\/types\/page"}],"author":[{"embeddable":true,"href":"https:\/\/tech.atlanticgroup.it\/fr\/wp-json\/wp\/v2\/users\/1"}],"replies":[{"embeddable":true,"href":"https:\/\/tech.atlanticgroup.it\/fr\/wp-json\/wp\/v2\/comments?post=1351"}],"version-history":[{"count":12,"href":"https:\/\/tech.atlanticgroup.it\/fr\/wp-json\/wp\/v2\/pages\/1351\/revisions"}],"predecessor-version":[{"id":3299,"href":"https:\/\/tech.atlanticgroup.it\/fr\/wp-json\/wp\/v2\/pages\/1351\/revisions\/3299"}],"wp:attachment":[{"href":"https:\/\/tech.atlanticgroup.it\/fr\/wp-json\/wp\/v2\/media?parent=1351"}],"curies":[{"name":"wp","href":"https:\/\/api.w.org\/{rel}","templated":true}]}}