{"id":1777,"date":"2020-01-13T10:52:56","date_gmt":"2020-01-13T09:52:56","guid":{"rendered":"http:\/\/tech.atlanticgroup.it\/home\/"},"modified":"2023-05-03T12:54:49","modified_gmt":"2023-05-03T10:54:49","slug":"home","status":"publish","type":"page","link":"https:\/\/tech.atlanticgroup.it\/fr\/","title":{"rendered":"Home FRA"},"content":{"rendered":"<div class=\"wpb-content-wrapper\"><p>[vc_row full_width=\u00a0\u00bbstretch_row\u00a0\u00bb css=\u00a0\u00bb.vc_custom_1574779376375{margin-top: -15px !important;background-color: #cad9f1 !important;}\u00a0\u00bb][vc_column][vc_custom_heading text=\u00a0\u00bbTECHNOLOGIES DE P\u00c9PINI\u00c8RE\u00a0\u00bb font_container=\u00a0\u00bbtag:h1|text_align:center|color:%232a3961&Prime; use_theme_fonts=\u00a0\u00bbyes\u00a0\u00bb][\/vc_column][\/vc_row][vc_row full_width=\u00a0\u00bbstretch_row\u00a0\u00bb css=\u00a0\u00bb.vc_custom_1574776938319{background-color: #cad9f1 !important;}\u00a0\u00bb][vc_column width=\u00a0\u00bb1\/6&Prime;]<div class=\"sliding_box\"><a href=\"https:\/\/tech.atlanticgroup.it\/fr\/products\/irrigation-fr\/\"  title=\"\"><div class=\"photo_wrapper\"><img loading=\"lazy\" decoding=\"async\" class=\"scale-with-grid\" src=\"https:\/\/tech.atlanticgroup.it\/wp-content\/uploads\/2019\/11\/ico-irrigazione.png\" alt=\"ico-irrigazione\" width=\"75\" height=\"75\"\/><\/div><div class=\"desc_wrapper\"><h4 class=\"title \">Irrigation<\/h4><\/div><\/a><\/div>\n[\/vc_column][vc_column width=\u00a0\u00bb1\/6&Prime;]<div class=\"sliding_box\"><a href=\"https:\/\/tech.atlanticgroup.it\/fr\/products\/traitement-de-la-tourbe\/\"  title=\"\"><div class=\"photo_wrapper\"><img loading=\"lazy\" decoding=\"async\" class=\"scale-with-grid\" src=\"https:\/\/tech.atlanticgroup.it\/wp-content\/uploads\/2019\/11\/ico-terriccio.png\" alt=\"ico-terriccio\" width=\"75\" height=\"75\"\/><\/div><div class=\"desc_wrapper\"><h4 class=\"title \">Traitement de la tourbe<\/h4><\/div><\/a><\/div>\n[\/vc_column][vc_column width=\u00a0\u00bb1\/6&Prime;]<div class=\"sliding_box\"><a href=\"https:\/\/tech.atlanticgroup.it\/fr\/products\/semis\/\"  title=\"\"><div class=\"photo_wrapper\"><img loading=\"lazy\" decoding=\"async\" class=\"scale-with-grid\" src=\"https:\/\/tech.atlanticgroup.it\/wp-content\/uploads\/2019\/11\/ico-semina.png\" alt=\"ico-semina\" width=\"75\" height=\"75\"\/><\/div><div class=\"desc_wrapper\"><h4 class=\"title \">Semis<\/h4><\/div><\/a><\/div>\n[\/vc_column][vc_column width=\u00a0\u00bb1\/6&Prime;]<div class=\"sliding_box\"><a href=\"https:\/\/tech.atlanticgroup.it\/fr\/products\/greffage\/\"  title=\"\"><div class=\"photo_wrapper\"><img loading=\"lazy\" decoding=\"async\" class=\"scale-with-grid\" src=\"https:\/\/tech.atlanticgroup.it\/wp-content\/uploads\/2019\/11\/ico-grafting.png\" alt=\"ico-grafting\" width=\"75\" height=\"75\"\/><\/div><div class=\"desc_wrapper\"><h4 class=\"title \">Greffage<\/h4><\/div><\/a><\/div>\n[\/vc_column][vc_column width=\u00a0\u00bb1\/6&Prime;]<div class=\"sliding_box\"><a href=\"https:\/\/tech.atlanticgroup.it\/fr\/products\/transplantation\/\"  title=\"\"><div class=\"photo_wrapper\"><img loading=\"lazy\" decoding=\"async\" class=\"scale-with-grid\" src=\"https:\/\/tech.atlanticgroup.it\/wp-content\/uploads\/2019\/11\/ico-trapianto.png\" alt=\"ico-trapianto\" width=\"75\" height=\"75\"\/><\/div><div class=\"desc_wrapper\"><h4 class=\"title \">Transplantation<\/h4><\/div><\/a><\/div>\n[\/vc_column][vc_column width=\u00a0\u00bb1\/6&Prime;]<div class=\"sliding_box\"><a href=\"https:\/\/tech.atlanticgroup.it\/fr\/products\/lavage-et-desinfection\/\"  title=\"\"><div class=\"photo_wrapper\"><img loading=\"lazy\" decoding=\"async\" class=\"scale-with-grid\" src=\"https:\/\/tech.atlanticgroup.it\/wp-content\/uploads\/2019\/11\/ico-lavaggio.png\" alt=\"ico-lavaggio\" width=\"75\" height=\"75\"\/><\/div><div class=\"desc_wrapper\"><h4 class=\"title \">Lavage et d\u00e9sinfection<\/h4><\/div><\/a><\/div>\n[\/vc_column][\/vc_row][vc_row equal_height=\u00a0\u00bbyes\u00a0\u00bb content_placement=\u00a0\u00bbbottom\u00a0\u00bb css=\u00a0\u00bb.vc_custom_1578923263281{margin-bottom: 50px !important;}\u00a0\u00bb][vc_column width=\u00a0\u00bb1\/3&Prime;][vc_single_image image=\u00a0\u00bb597&Prime; img_size=\u00a0\u00bb570&#215;542&Prime; alignment=\u00a0\u00bbcenter\u00a0\u00bb onclick=\u00a0\u00bbcustom_link\u00a0\u00bb link=\u00a0\u00bbhttp:\/\/tech.atlanticgroup.it\/equipment\/mobile-wing-ho\/\u00a0\u00bb][vc_custom_heading text=\u00a0\u00bbHO\u00a0\u00bb font_container=\u00a0\u00bbtag:h3|text_align:center\u00a0\u00bb use_theme_fonts=\u00a0\u00bbyes\u00a0\u00bb link=\u00a0\u00bburl:http%3A%2F%2Ftech.atlanticgroup.it%2Ffr%2Fequipment%2Frampe-mobile-ho%2F|\u00a0\u00bb][vc_column_text]<\/p>\n<p style=\"text-align: center;\">Rampe d\u2019arrosage double rail<\/p>\n<p style=\"text-align: center;\">Double rampe d\u2019arrosage avec buses a\u0300 pas constant pour un arrosage uniforme.<\/p>\n<p>[\/vc_column_text][vc_btn title=\u00a0\u00bbD\u00e9tails\u00a0\u00bb style=\u00a0\u00bbcustom\u00a0\u00bb custom_background=\u00a0\u00bb#009246&Prime; custom_text=\u00a0\u00bb#ffffff\u00a0\u00bb shape=\u00a0\u00bbsquare\u00a0\u00bb size=\u00a0\u00bblg\u00a0\u00bb align=\u00a0\u00bbcenter\u00a0\u00bb button_block=\u00a0\u00bbtrue\u00a0\u00bb link=\u00a0\u00bburl:http%3A%2F%2Ftech.atlanticgroup.it%2Ffr%2Fequipment%2Frampe-mobile-ho%2F|\u00a0\u00bb][\/vc_column][vc_column width=\u00a0\u00bb1\/3&Prime;][vc_single_image image=\u00a0\u00bb1034&Prime; img_size=\u00a0\u00bb320&#215;238&Prime; alignment=\u00a0\u00bbcenter\u00a0\u00bb onclick=\u00a0\u00bbcustom_link\u00a0\u00bb link=\u00a0\u00bbhttp:\/\/tech.atlanticgroup.it\/equipment\/gr300\/\u00a0\u00bb][vc_custom_heading text=\u00a0\u00bbGR300&Prime; font_container=\u00a0\u00bbtag:h3|text_align:center\u00a0\u00bb use_theme_fonts=\u00a0\u00bbyes\u00a0\u00bb link=\u00a0\u00bburl:http%3A%2F%2Ftech.atlanticgroup.it%2Ffr%2Fequipment%2Fgr300%2F|\u00a0\u00bb][vc_column_text]<\/p>\n<p style=\"text-align: center;\">Robot de greffage semi-automatique universel<\/p>\n<p style=\"text-align: center;\">Garantit une coupe constante et parfaitement comple\u0301mentaire aussi bien en ce qui concerne le porte-greffe que la varie\u0301te\u0301.<\/p>\n<p>[\/vc_column_text][vc_btn title=\u00a0\u00bbD\u00e9tails\u00a0\u00bb style=\u00a0\u00bbcustom\u00a0\u00bb custom_background=\u00a0\u00bb#009246&Prime; custom_text=\u00a0\u00bb#ffffff\u00a0\u00bb shape=\u00a0\u00bbsquare\u00a0\u00bb size=\u00a0\u00bblg\u00a0\u00bb align=\u00a0\u00bbcenter\u00a0\u00bb button_block=\u00a0\u00bbtrue\u00a0\u00bb link=\u00a0\u00bburl:http%3A%2F%2Ftech.atlanticgroup.it%2Ffr%2Fequipment%2Fgr300%2F|\u00a0\u00bb][\/vc_column][vc_column width=\u00a0\u00bb1\/3&Prime;][vc_single_image image=\u00a0\u00bb918&Prime; img_size=\u00a0\u00bb694&#215;370&Prime; alignment=\u00a0\u00bbcenter\u00a0\u00bb onclick=\u00a0\u00bbcustom_link\u00a0\u00bb link=\u00a0\u00bbhttp:\/\/tech.atlanticgroup.it\/equipment\/ht800\/\u00a0\u00bb][vc_custom_heading text=\u00a0\u00bbHT800&Prime; font_container=\u00a0\u00bbtag:h3|text_align:center\u00a0\u00bb use_theme_fonts=\u00a0\u00bbyes\u00a0\u00bb link=\u00a0\u00bburl:http%3A%2F%2Ftech.atlanticgroup.it%2Ffr%2Fequipment%2Frampe-mobile-ho%2F|\u00a0\u00bb][vc_column_text]<\/p>\n<p style=\"text-align: center;\">Ligne compacte de semis a\u0300 rouleau<\/p>\n<p style=\"text-align: center;\">Ligne de semis automatique pour une capacite\u0301 de production moyenne\/e\u0301leve\u0301e.<\/p>\n<p>[\/vc_column_text][vc_btn title=\u00a0\u00bbD\u00e9tails\u00a0\u00bb style=\u00a0\u00bbcustom\u00a0\u00bb custom_background=\u00a0\u00bb#009246&Prime; custom_text=\u00a0\u00bb#ffffff\u00a0\u00bb shape=\u00a0\u00bbsquare\u00a0\u00bb size=\u00a0\u00bblg\u00a0\u00bb align=\u00a0\u00bbcenter\u00a0\u00bb button_block=\u00a0\u00bbtrue\u00a0\u00bb link=\u00a0\u00bburl:http%3A%2F%2Ftech.atlanticgroup.it%2Ffr%2Fequipment%2Fht800%2F|\u00a0\u00bb][\/vc_column][\/vc_row][vc_row][vc_column width=\u00a0\u00bb1\/2&Prime;][vc_custom_heading text=\u00a0\u00bbMachines et equipment<br \/>\nTechnologie pour serres\u00a0\u00bb font_container=\u00a0\u00bbtag:h3|text_align:left|color:%232a3961&Prime; use_theme_fonts=\u00a0\u00bbyes\u00a0\u00bb][vc_column_text]<\/p>\n<p style=\"text-align: justify;\"><span style=\"color: #009246;\"><strong>Automatisation de toutes sortes pour des petites p\u00e9pini\u00e8res dans le domaine des p\u00e9pini\u00e8res des l\u00e9gumes et des fleurs et pour les serres.<\/strong><\/span><\/p>\n<p style=\"text-align: justify;\">Avec l\u2019\u00e9quipe de soci\u00e9t\u00e9s et de professionnels impliqu\u00e9s, nous pouvons offrir la technologie et le know how n\u00e9cessaires pour r\u00e9aliser des \u00e9quipements extr\u00eamement fonctionnels et productifs, utilis\u00e9s pour d\u00e9velopper des serres moderne.<\/p>\n<p>[\/vc_column_text][\/vc_column][vc_column width=\u00a0\u00bb1\/2&Prime;][vc_single_image image=\u00a0\u00bb1313&Prime; img_size=\u00a0\u00bbfull\u00a0\u00bb alignment=\u00a0\u00bbcenter\u00a0\u00bb onclick=\u00a0\u00bblink_image\u00a0\u00bb][\/vc_column][\/vc_row][vc_row][vc_column][vc_custom_heading text=\u00a0\u00bbT\u00e9l\u00e9chargez notre catalogue\u00a0\u00bb font_container=\u00a0\u00bbtag:h3|text_align:center|color:%23009247&Prime; use_theme_fonts=\u00a0\u00bbyes\u00a0\u00bb][\/vc_column][\/vc_row][vc_row css=\u00a0\u00bb.vc_custom_1574956229843{margin-bottom: 30px !important;padding-top: 0px !important;padding-bottom: 0px !important;background-color: #009247 !important;}\u00a0\u00bb el_class=\u00a0\u00bbcatalog\u00a0\u00bb][vc_column css=\u00a0\u00bb.vc_custom_1574958196962{padding-top: 15px !important;}\u00a0\u00bb][vc_custom_heading text=\u00a0\u00bbEntrez seulement votre adresse de courriel\u00a0\u00bb font_container=\u00a0\u00bbtag:p|text_align:center|color:%23ffffff\u00a0\u00bb use_theme_fonts=\u00a0\u00bbyes\u00a0\u00bb][vc_row_inner css=\u00a0\u00bb.vc_custom_1574955755099{margin-top: 0px !important;margin-bottom: 0px !important;padding-top: 0px !important;padding-bottom: 0px !important;}\u00a0\u00bb][vc_column_inner offset=\u00a0\u00bbvc_col-lg-offset-3 vc_col-lg-8&Prime;]\n<div class=\"wpcf7 no-js\" id=\"wpcf7-f1360-o1\" lang=\"fr-FR\" dir=\"ltr\" data-wpcf7-id=\"1360\">\n<div class=\"screen-reader-response\"><p role=\"status\" aria-live=\"polite\" aria-atomic=\"true\"><\/p> <ul><\/ul><\/div>\n<form action=\"\/fr\/wp-json\/wp\/v2\/pages\/1777#wpcf7-f1360-o1\" method=\"post\" class=\"wpcf7-form init\" aria-label=\"Formulaire de contact\" novalidate=\"novalidate\" data-status=\"init\">\n<fieldset class=\"hidden-fields-container\"><input type=\"hidden\" name=\"_wpcf7\" value=\"1360\" \/><input type=\"hidden\" name=\"_wpcf7_version\" value=\"6.1.5\" \/><input type=\"hidden\" name=\"_wpcf7_locale\" value=\"fr_FR\" \/><input type=\"hidden\" name=\"_wpcf7_unit_tag\" value=\"wpcf7-f1360-o1\" \/><input type=\"hidden\" name=\"_wpcf7_container_post\" value=\"0\" \/><input type=\"hidden\" name=\"_wpcf7_posted_data_hash\" value=\"\" \/><input type=\"hidden\" name=\"_wpcf7_recaptcha_response\" value=\"\" \/>\n<\/fieldset>\n<div class=\"column one-second\">\n\t<p><span class=\"wpcf7-form-control-wrap\" data-name=\"your-email\"><input size=\"40\" maxlength=\"400\" class=\"wpcf7-form-control wpcf7-email wpcf7-validates-as-required wpcf7-text wpcf7-validates-as-email\" aria-required=\"true\" aria-invalid=\"false\" placeholder=\"Entrer votre Email\" value=\"\" type=\"email\" name=\"your-email\" \/><\/span><br \/>\n<span class=\"wpcf7-form-control-wrap\" data-name=\"privacy\"><span class=\"wpcf7-form-control wpcf7-acceptance\"><span class=\"wpcf7-list-item\"><label><input type=\"checkbox\" name=\"privacy\" value=\"1\" aria-invalid=\"false\" \/><span class=\"wpcf7-list-item-label\">J'ai lu et accept\u00e9 la <a href=\"https:\/\/www.iubenda.com\/privacy-policy\/48745315\" class=\"iubenda-nostyle no-brand iubenda-embed\" title=\"Privacy Policy \">Privacy Policy<\/a><\/span><\/label><\/span><\/span><\/span>\n\t<\/p>\n<\/div>\n<div class=\"column one-third\">\n\t<p><input class=\"wpcf7-form-control wpcf7-submit has-spinner\" type=\"submit\" value=\"Obtenez le catalogue\" \/>\n\t<\/p>\n<\/div><div class=\"wpcf7-response-output\" aria-hidden=\"true\"><\/div>\n<\/form>\n<\/div>\n[\/vc_column_inner][\/vc_row_inner][\/vc_column][\/vc_row]<\/p>\n<\/div>","protected":false},"excerpt":{"rendered":"<p>[vc_row full_width=\u00a0\u00bbstretch_row\u00a0\u00bb css=\u00a0\u00bb.vc_custom_1574779376375{margin-top: -15px !important;background-color: #cad9f1 !important;}\u00a0\u00bb][vc_column][vc_custom_heading text=\u00a0\u00bbTECHNOLOGIES DE P\u00c9PINI\u00c8RE\u00a0\u00bb font_container=\u00a0\u00bbtag:h1|text_align:center|color:%232a3961&Prime; use_theme_fonts=\u00a0\u00bbyes\u00a0\u00bb][\/vc_column][\/vc_row][vc_row full_width=\u00a0\u00bbstretch_row\u00a0\u00bb css=\u00a0\u00bb.vc_custom_1574776938319{background-color: #cad9f1 !important;}\u00a0\u00bb][vc_column width=\u00a0\u00bb1\/6&Prime;][\/vc_column][vc_column width=\u00a0\u00bb1\/6&Prime;][\/vc_column][vc_column width=\u00a0\u00bb1\/6&Prime;][\/vc_column][vc_column width=\u00a0\u00bb1\/6&Prime;][\/vc_column][vc_column width=\u00a0\u00bb1\/6&Prime;][\/vc_column][vc_column width=\u00a0\u00bb1\/6&Prime;][\/vc_column][\/vc_row][vc_row equal_height=\u00a0\u00bbyes\u00a0\u00bb content_placement=\u00a0\u00bbbottom\u00a0\u00bb css=\u00a0\u00bb.vc_custom_1578923263281{margin-bottom: 50px<span class=\"excerpt-hellip\"> [\u2026]<\/span><\/p>\n","protected":false},"author":1,"featured_media":0,"parent":0,"menu_order":0,"comment_status":"closed","ping_status":"closed","template":"","meta":{"footnotes":""},"class_list":["post-1777","page","type-page","status-publish","hentry"],"yoast_head":"<!-- This site is optimized with the Yoast SEO plugin v27.0 - https:\/\/yoast.com\/product\/yoast-seo-wordpress\/ -->\n<title>Home FRA - Technologies des p\u00e9pini\u00e8res | Atlantic Group<\/title>\n<meta name=\"robots\" content=\"index, follow, max-snippet:-1, max-image-preview:large, max-video-preview:-1\" \/>\n<link rel=\"canonical\" href=\"https:\/\/tech.atlanticgroup.it\/fr\/\" \/>\n<meta property=\"og:locale\" content=\"fr_FR\" \/>\n<meta property=\"og:type\" content=\"article\" \/>\n<meta property=\"og:title\" content=\"Home FRA - Technologies des p\u00e9pini\u00e8res | Atlantic Group\" \/>\n<meta property=\"og:description\" content=\"[vc_row full_width=\u00a0\u00bbstretch_row\u00a0\u00bb css=\u00a0\u00bb.vc_custom_1574779376375{margin-top: -15px !important;background-color: #cad9f1 !important;}\u00a0\u00bb][vc_column][vc_custom_heading text=\u00a0\u00bbTECHNOLOGIES DE P\u00c9PINI\u00c8RE\u00a0\u00bb font_container=\u00a0\u00bbtag:h1|text_align:center|color:%232a3961&Prime; use_theme_fonts=\u00a0\u00bbyes\u00a0\u00bb][\/vc_column][\/vc_row][vc_row full_width=\u00a0\u00bbstretch_row\u00a0\u00bb css=\u00a0\u00bb.vc_custom_1574776938319{background-color: #cad9f1 !important;}\u00a0\u00bb][vc_column width=\u00a0\u00bb1\/6&Prime;][\/vc_column][vc_column width=\u00a0\u00bb1\/6&Prime;][\/vc_column][vc_column width=\u00a0\u00bb1\/6&Prime;][\/vc_column][vc_column width=\u00a0\u00bb1\/6&Prime;][\/vc_column][vc_column width=\u00a0\u00bb1\/6&Prime;][\/vc_column][vc_column width=\u00a0\u00bb1\/6&Prime;][\/vc_column][\/vc_row][vc_row equal_height=\u00a0\u00bbyes\u00a0\u00bb content_placement=\u00a0\u00bbbottom\u00a0\u00bb css=\u00a0\u00bb.vc_custom_1578923263281{margin-bottom: 50px [\u2026]\" \/>\n<meta property=\"og:url\" content=\"https:\/\/tech.atlanticgroup.it\/fr\/\" \/>\n<meta property=\"og:site_name\" content=\"Technologies des p\u00e9pini\u00e8res | Atlantic Group\" \/>\n<meta property=\"article:publisher\" content=\"https:\/\/www.facebook.com\/AtlanticManSrl\" \/>\n<meta property=\"article:modified_time\" content=\"2023-05-03T10:54:49+00:00\" \/>\n<meta name=\"twitter:card\" content=\"summary_large_image\" \/>\n<meta name=\"twitter:label1\" content=\"Dur\u00e9e de lecture estim\u00e9e\" \/>\n\t<meta name=\"twitter:data1\" content=\"4 minutes\" \/>\n<script type=\"application\/ld+json\" class=\"yoast-schema-graph\">{\"@context\":\"https:\/\/schema.org\",\"@graph\":[{\"@type\":\"WebPage\",\"@id\":\"https:\/\/tech.atlanticgroup.it\/fr\/\",\"url\":\"https:\/\/tech.atlanticgroup.it\/fr\/\",\"name\":\"Home FRA - Technologies des p\u00e9pini\u00e8res | Atlantic Group\",\"isPartOf\":{\"@id\":\"https:\/\/tech.atlanticgroup.it\/#website\"},\"datePublished\":\"2020-01-13T09:52:56+00:00\",\"dateModified\":\"2023-05-03T10:54:49+00:00\",\"breadcrumb\":{\"@id\":\"https:\/\/tech.atlanticgroup.it\/fr\/#breadcrumb\"},\"inLanguage\":\"fr-FR\",\"potentialAction\":[{\"@type\":\"ReadAction\",\"target\":[\"https:\/\/tech.atlanticgroup.it\/fr\/\"]}]},{\"@type\":\"BreadcrumbList\",\"@id\":\"https:\/\/tech.atlanticgroup.it\/fr\/#breadcrumb\",\"itemListElement\":[{\"@type\":\"ListItem\",\"position\":1,\"name\":\"Home\",\"item\":\"https:\/\/tech.atlanticgroup.it\/fr\/\"},{\"@type\":\"ListItem\",\"position\":2,\"name\":\"Home FRA\"}]},{\"@type\":\"WebSite\",\"@id\":\"https:\/\/tech.atlanticgroup.it\/#website\",\"url\":\"https:\/\/tech.atlanticgroup.it\/\",\"name\":\"Technologies des p\u00e9pini\u00e8res | Atlantic Group\",\"description\":\"\",\"publisher\":{\"@id\":\"https:\/\/tech.atlanticgroup.it\/#organization\"},\"potentialAction\":[{\"@type\":\"SearchAction\",\"target\":{\"@type\":\"EntryPoint\",\"urlTemplate\":\"https:\/\/tech.atlanticgroup.it\/?s={search_term_string}\"},\"query-input\":{\"@type\":\"PropertyValueSpecification\",\"valueRequired\":true,\"valueName\":\"search_term_string\"}}],\"inLanguage\":\"fr-FR\"},{\"@type\":\"Organization\",\"@id\":\"https:\/\/tech.atlanticgroup.it\/#organization\",\"name\":\"Technologies des p\u00e9pini\u00e8res | Atlantic Group\",\"url\":\"https:\/\/tech.atlanticgroup.it\/\",\"logo\":{\"@type\":\"ImageObject\",\"inLanguage\":\"fr-FR\",\"@id\":\"https:\/\/tech.atlanticgroup.it\/#\/schema\/logo\/image\/\",\"url\":\"https:\/\/tech.atlanticgroup.it\/wp-content\/uploads\/2019\/11\/atlantic-man-700x132-dark.png\",\"contentUrl\":\"https:\/\/tech.atlanticgroup.it\/wp-content\/uploads\/2019\/11\/atlantic-man-700x132-dark.png\",\"width\":700,\"height\":132,\"caption\":\"Technologies des p\u00e9pini\u00e8res | Atlantic Group\"},\"image\":{\"@id\":\"https:\/\/tech.atlanticgroup.it\/#\/schema\/logo\/image\/\"},\"sameAs\":[\"https:\/\/www.facebook.com\/AtlanticManSrl\",\"https:\/\/www.linkedin.com\/company\/atlantic-man-s.r.l.\/\"]}]}<\/script>\n<!-- \/ Yoast SEO plugin. -->","yoast_head_json":{"title":"Home FRA - Technologies des p\u00e9pini\u00e8res | Atlantic Group","robots":{"index":"index","follow":"follow","max-snippet":"max-snippet:-1","max-image-preview":"max-image-preview:large","max-video-preview":"max-video-preview:-1"},"canonical":"https:\/\/tech.atlanticgroup.it\/fr\/","og_locale":"fr_FR","og_type":"article","og_title":"Home FRA - Technologies des p\u00e9pini\u00e8res | Atlantic Group","og_description":"[vc_row full_width=\u00a0\u00bbstretch_row\u00a0\u00bb css=\u00a0\u00bb.vc_custom_1574779376375{margin-top: -15px !important;background-color: #cad9f1 !important;}\u00a0\u00bb][vc_column][vc_custom_heading text=\u00a0\u00bbTECHNOLOGIES DE P\u00c9PINI\u00c8RE\u00a0\u00bb font_container=\u00a0\u00bbtag:h1|text_align:center|color:%232a3961&Prime; use_theme_fonts=\u00a0\u00bbyes\u00a0\u00bb][\/vc_column][\/vc_row][vc_row full_width=\u00a0\u00bbstretch_row\u00a0\u00bb css=\u00a0\u00bb.vc_custom_1574776938319{background-color: #cad9f1 !important;}\u00a0\u00bb][vc_column width=\u00a0\u00bb1\/6&Prime;][\/vc_column][vc_column width=\u00a0\u00bb1\/6&Prime;][\/vc_column][vc_column width=\u00a0\u00bb1\/6&Prime;][\/vc_column][vc_column width=\u00a0\u00bb1\/6&Prime;][\/vc_column][vc_column width=\u00a0\u00bb1\/6&Prime;][\/vc_column][vc_column width=\u00a0\u00bb1\/6&Prime;][\/vc_column][\/vc_row][vc_row equal_height=\u00a0\u00bbyes\u00a0\u00bb content_placement=\u00a0\u00bbbottom\u00a0\u00bb css=\u00a0\u00bb.vc_custom_1578923263281{margin-bottom: 50px [\u2026]","og_url":"https:\/\/tech.atlanticgroup.it\/fr\/","og_site_name":"Technologies des p\u00e9pini\u00e8res | Atlantic Group","article_publisher":"https:\/\/www.facebook.com\/AtlanticManSrl","article_modified_time":"2023-05-03T10:54:49+00:00","twitter_card":"summary_large_image","twitter_misc":{"Dur\u00e9e de lecture estim\u00e9e":"4 minutes"},"schema":{"@context":"https:\/\/schema.org","@graph":[{"@type":"WebPage","@id":"https:\/\/tech.atlanticgroup.it\/fr\/","url":"https:\/\/tech.atlanticgroup.it\/fr\/","name":"Home FRA - Technologies des p\u00e9pini\u00e8res | Atlantic Group","isPartOf":{"@id":"https:\/\/tech.atlanticgroup.it\/#website"},"datePublished":"2020-01-13T09:52:56+00:00","dateModified":"2023-05-03T10:54:49+00:00","breadcrumb":{"@id":"https:\/\/tech.atlanticgroup.it\/fr\/#breadcrumb"},"inLanguage":"fr-FR","potentialAction":[{"@type":"ReadAction","target":["https:\/\/tech.atlanticgroup.it\/fr\/"]}]},{"@type":"BreadcrumbList","@id":"https:\/\/tech.atlanticgroup.it\/fr\/#breadcrumb","itemListElement":[{"@type":"ListItem","position":1,"name":"Home","item":"https:\/\/tech.atlanticgroup.it\/fr\/"},{"@type":"ListItem","position":2,"name":"Home FRA"}]},{"@type":"WebSite","@id":"https:\/\/tech.atlanticgroup.it\/#website","url":"https:\/\/tech.atlanticgroup.it\/","name":"Technologies des p\u00e9pini\u00e8res | Atlantic Group","description":"","publisher":{"@id":"https:\/\/tech.atlanticgroup.it\/#organization"},"potentialAction":[{"@type":"SearchAction","target":{"@type":"EntryPoint","urlTemplate":"https:\/\/tech.atlanticgroup.it\/?s={search_term_string}"},"query-input":{"@type":"PropertyValueSpecification","valueRequired":true,"valueName":"search_term_string"}}],"inLanguage":"fr-FR"},{"@type":"Organization","@id":"https:\/\/tech.atlanticgroup.it\/#organization","name":"Technologies des p\u00e9pini\u00e8res | Atlantic Group","url":"https:\/\/tech.atlanticgroup.it\/","logo":{"@type":"ImageObject","inLanguage":"fr-FR","@id":"https:\/\/tech.atlanticgroup.it\/#\/schema\/logo\/image\/","url":"https:\/\/tech.atlanticgroup.it\/wp-content\/uploads\/2019\/11\/atlantic-man-700x132-dark.png","contentUrl":"https:\/\/tech.atlanticgroup.it\/wp-content\/uploads\/2019\/11\/atlantic-man-700x132-dark.png","width":700,"height":132,"caption":"Technologies des p\u00e9pini\u00e8res | Atlantic Group"},"image":{"@id":"https:\/\/tech.atlanticgroup.it\/#\/schema\/logo\/image\/"},"sameAs":["https:\/\/www.facebook.com\/AtlanticManSrl","https:\/\/www.linkedin.com\/company\/atlantic-man-s.r.l.\/"]}]}},"_links":{"self":[{"href":"https:\/\/tech.atlanticgroup.it\/fr\/wp-json\/wp\/v2\/pages\/1777","targetHints":{"allow":["GET"]}}],"collection":[{"href":"https:\/\/tech.atlanticgroup.it\/fr\/wp-json\/wp\/v2\/pages"}],"about":[{"href":"https:\/\/tech.atlanticgroup.it\/fr\/wp-json\/wp\/v2\/types\/page"}],"author":[{"embeddable":true,"href":"https:\/\/tech.atlanticgroup.it\/fr\/wp-json\/wp\/v2\/users\/1"}],"replies":[{"embeddable":true,"href":"https:\/\/tech.atlanticgroup.it\/fr\/wp-json\/wp\/v2\/comments?post=1777"}],"version-history":[{"count":6,"href":"https:\/\/tech.atlanticgroup.it\/fr\/wp-json\/wp\/v2\/pages\/1777\/revisions"}],"predecessor-version":[{"id":1848,"href":"https:\/\/tech.atlanticgroup.it\/fr\/wp-json\/wp\/v2\/pages\/1777\/revisions\/1848"}],"wp:attachment":[{"href":"https:\/\/tech.atlanticgroup.it\/fr\/wp-json\/wp\/v2\/media?parent=1777"}],"curies":[{"name":"wp","href":"https:\/\/api.w.org\/{rel}","templated":true}]}}